{"id":46,"date":"2024-01-10T18:09:03","date_gmt":"2024-01-10T17:09:03","guid":{"rendered":"https:\/\/dreienbrunnen-honig.de\/wordpress\/?page_id=46"},"modified":"2025-12-04T14:56:34","modified_gmt":"2025-12-04T13:56:34","slug":"unser-honig","status":"publish","type":"page","link":"https:\/\/dreienbrunnen-honig.de\/wordpress\/unser-honig\/","title":{"rendered":"Unser Honig"},"content":{"rendered":"\t\t<div data-elementor-type=\"wp-page\" data-elementor-id=\"46\" class=\"elementor elementor-46\">\n\t\t\t\t<div class=\"elementor-element elementor-element-36d76a7 e-flex e-con-boxed e-con e-parent\" data-id=\"36d76a7\" data-element_type=\"container\" data-e-type=\"container\">\n\t\t\t\t\t<div class=\"e-con-inner\">\n\t\t<div class=\"elementor-element elementor-element-8b4d097 e-flex e-con-boxed e-con e-child\" data-id=\"8b4d097\" data-element_type=\"container\" data-e-type=\"container\">\n\t\t\t\t\t<div class=\"e-con-inner\">\n\t\t\t\t<div class=\"elementor-element elementor-element-6ce3250 elementor-widget elementor-widget-heading\" data-id=\"6ce3250\" data-element_type=\"widget\" data-e-type=\"widget\" data-widget_type=\"heading.default\">\n\t\t\t\t<div class=\"elementor-widget-container\">\n\t\t\t\t\t<h2 class=\"elementor-heading-title elementor-size-default\">Unser wunderbarer Honig mitten aus Erfurt<\/h2>\t\t\t\t<\/div>\n\t\t\t\t<\/div>\n\t\t\t\t\t<\/div>\n\t\t\t\t<\/div>\n\t\t\t\t<div class=\"elementor-element elementor-element-0b87149 elementor-widget elementor-widget-image\" data-id=\"0b87149\" data-element_type=\"widget\" data-e-type=\"widget\" data-widget_type=\"image.default\">\n\t\t\t\t<div class=\"elementor-widget-container\">\n\t\t\t\t\t\t\t\t\t\t\t\t\t\t\t<img fetchpriority=\"high\" decoding=\"async\" width=\"1024\" height=\"450\" src=\"https:\/\/dreienbrunnen-honig.de\/wordpress\/wp-content\/uploads\/2024\/01\/IMG_8164-1024x450.jpg\" class=\"attachment-large size-large wp-image-121\" alt=\"\" srcset=\"https:\/\/dreienbrunnen-honig.de\/wordpress\/wp-content\/uploads\/2024\/01\/IMG_8164-1024x450.jpg 1024w, https:\/\/dreienbrunnen-honig.de\/wordpress\/wp-content\/uploads\/2024\/01\/IMG_8164-300x132.jpg 300w, https:\/\/dreienbrunnen-honig.de\/wordpress\/wp-content\/uploads\/2024\/01\/IMG_8164-768x338.jpg 768w, https:\/\/dreienbrunnen-honig.de\/wordpress\/wp-content\/uploads\/2024\/01\/IMG_8164-1536x676.jpg 1536w, https:\/\/dreienbrunnen-honig.de\/wordpress\/wp-content\/uploads\/2024\/01\/IMG_8164.jpg 1980w\" sizes=\"(max-width: 1024px) 100vw, 1024px\" \/>\t\t\t\t\t\t\t\t\t\t\t\t\t\t\t<\/div>\n\t\t\t\t<\/div>\n\t\t\t\t<div class=\"elementor-element elementor-element-cd74959 elementor-widget elementor-widget-text-editor\" data-id=\"cd74959\" data-element_type=\"widget\" data-e-type=\"widget\" data-widget_type=\"text-editor.default\">\n\t\t\t\t<div class=\"elementor-widget-container\">\n\t\t\t\t\t\t\t\t\t<p><strong>Liebe Honigfreunde.<\/strong><br \/>Unser Honig ist etwas Besonderes, das sagen wir.<br \/>Unser Honig schmeckt einzigartig, das sagen unsere Freunde.<br \/>Unser Honig ist von einwandfreier Qualit\u00e4t, das sagen sowohl das Labor vom L\u00e4nderinstitut f\u00fcr Bienenkunde in Hohen-Neuendorf e.V. und FoodQS, bei denen wir unsern Honig regelm\u00e4\u00dfig untersuchen lassen, auch auf R\u00fcckst\u00e4nde von Pflanzenschutzmitteln. Nicht nur nach lebensmittelrechtlichen Vorschriften und der Honigverordnung, sondern auch nach den noch deutlich sch\u00e4rferen Anforderungen des Deutschen Imkerbundes (DIB) ist unser Honig einwandfrei. Darauf sind wir ehrlich stolz.<\/p><p>Etwa 70% des Honigs, der in Deutschland gegessen wird, kommt nicht von hier. Die Importeure m\u00fcssen immer noch nicht angeben, woher sie den Honig beziehen. Typische Herkunftsangaben sind \u201eHonig aus EU- und Nicht-EU-L\u00e4ndern\u201c. Also eigentlich Honig vom \u201ePlaneten Erde\u201c. Es gibt hervorragenden Honig aus allen Gegenden dieser Welt, wie z.B. Manuka-Honig aus Neuseeland, Lavendel-Honig aus der Provence oder Eukalyptus-Honig aus Marokko. Andererseits sind aber auch sehr viele Honige auf dem Markt, oft auch besonders preiswert, die jedoch leider von zweifelhafter Herkunft und Qualit\u00e4t sind, teilweise mit hohen Anteilen an billigstem industriellen Zuckersirup gestreckt und verf\u00e4lscht.<\/p><p>Wir sind stolz auf unseren Honig mit klarer Herkunft und gepr\u00fcfter Qualit\u00e4t und Reinheit.<br \/>Und Regine, sie ist ein sehr kritischer Gourmet und mag gar keinen anderen Honig mehr. Und Peter freut sich :-).<\/p>\t\t\t\t\t\t\t\t<\/div>\n\t\t\t\t<\/div>\n\t\t\t\t<div class=\"elementor-element elementor-element-c4d6848 elementor-align-center elementor-widget elementor-widget-button\" data-id=\"c4d6848\" data-element_type=\"widget\" data-e-type=\"widget\" data-widget_type=\"button.default\">\n\t\t\t\t<div class=\"elementor-widget-container\">\n\t\t\t\t\t\t\t\t\t<div class=\"elementor-button-wrapper\">\n\t\t\t\t\t<a class=\"elementor-button elementor-button-link elementor-size-lg\" href=\"http:\/\/dreienbrunnen-honig.de\/shop\" target=\"_blank\">\n\t\t\t\t\t\t<span class=\"elementor-button-content-wrapper\">\n\t\t\t\t\t\t\t\t\t<span class=\"elementor-button-text\">Hier Bestellen<\/span>\n\t\t\t\t\t<\/span>\n\t\t\t\t\t<\/a>\n\t\t\t\t<\/div>\n\t\t\t\t\t\t\t\t<\/div>\n\t\t\t\t<\/div>\n\t\t\t\t\t<\/div>\n\t\t\t\t<\/div>\n\t\t\t\t<\/div>\n\t\t","protected":false},"excerpt":{"rendered":"<p>Unser wunderbarer Honig mitten aus Erfurt Liebe Honigfreunde.Unser Honig ist etwas Besonderes, das sagen wir.Unser Honig schmeckt einzigartig, das sagen unsere Freunde.Unser Honig ist von einwandfreier Qualit\u00e4t, das sagen sowohl das Labor vom L\u00e4nderinstitut f\u00fcr Bienenkunde in Hohen-Neuendorf e.V. und FoodQS, bei denen wir unsern Honig regelm\u00e4\u00dfig untersuchen lassen, auch auf R\u00fcckst\u00e4nde von Pflanzenschutzmitteln. Nicht [&hellip;]<\/p>\n","protected":false},"author":1,"featured_media":0,"parent":0,"menu_order":0,"comment_status":"closed","ping_status":"closed","template":"","meta":{"ocean_post_layout":"full-screen","ocean_both_sidebars_style":"","ocean_both_sidebars_content_width":0,"ocean_both_sidebars_sidebars_width":0,"ocean_sidebar":"","ocean_second_sidebar":"","ocean_disable_margins":"enable","ocean_add_body_class":"","ocean_shortcode_before_top_bar":"","ocean_shortcode_after_top_bar":"","ocean_shortcode_before_header":"","ocean_shortcode_after_header":"","ocean_has_shortcode":"","ocean_shortcode_after_title":"","ocean_shortcode_before_footer_widgets":"","ocean_shortcode_after_footer_widgets":"","ocean_shortcode_before_footer_bottom":"","ocean_shortcode_after_footer_bottom":"","ocean_display_top_bar":"off","ocean_display_header":"default","ocean_header_style":"","ocean_center_header_left_menu":"","ocean_custom_header_template":"","ocean_custom_logo":0,"ocean_custom_retina_logo":0,"ocean_custom_logo_max_width":0,"ocean_custom_logo_tablet_max_width":0,"ocean_custom_logo_mobile_max_width":0,"ocean_custom_logo_max_height":0,"ocean_custom_logo_tablet_max_height":0,"ocean_custom_logo_mobile_max_height":0,"ocean_header_custom_menu":"","ocean_menu_typo_font_family":"","ocean_menu_typo_font_subset":"","ocean_menu_typo_font_size":0,"ocean_menu_typo_font_size_tablet":0,"ocean_menu_typo_font_size_mobile":0,"ocean_menu_typo_font_size_unit":"px","ocean_menu_typo_font_weight":"","ocean_menu_typo_font_weight_tablet":"","ocean_menu_typo_font_weight_mobile":"","ocean_menu_typo_transform":"","ocean_menu_typo_transform_tablet":"","ocean_menu_typo_transform_mobile":"","ocean_menu_typo_line_height":0,"ocean_menu_typo_line_height_tablet":0,"ocean_menu_typo_line_height_mobile":0,"ocean_menu_typo_line_height_unit":"","ocean_menu_typo_spacing":0,"ocean_menu_typo_spacing_tablet":0,"ocean_menu_typo_spacing_mobile":0,"ocean_menu_typo_spacing_unit":"","ocean_menu_link_color":"","ocean_menu_link_color_hover":"","ocean_menu_link_color_active":"","ocean_menu_link_background":"","ocean_menu_link_hover_background":"","ocean_menu_link_active_background":"","ocean_menu_social_links_bg":"","ocean_menu_social_hover_links_bg":"","ocean_menu_social_links_color":"","ocean_menu_social_hover_links_color":"","ocean_disable_title":"on","ocean_disable_heading":"default","ocean_post_title":"","ocean_post_subheading":"","ocean_post_title_style":"","ocean_post_title_background_color":"","ocean_post_title_background":0,"ocean_post_title_bg_image_position":"","ocean_post_title_bg_image_attachment":"","ocean_post_title_bg_image_repeat":"","ocean_post_title_bg_image_size":"","ocean_post_title_height":0,"ocean_post_title_bg_overlay":0.5,"ocean_post_title_bg_overlay_color":"","ocean_disable_breadcrumbs":"default","ocean_breadcrumbs_color":"","ocean_breadcrumbs_separator_color":"","ocean_breadcrumbs_links_color":"","ocean_breadcrumbs_links_hover_color":"","ocean_display_footer_widgets":"off","ocean_display_footer_bottom":"off","ocean_custom_footer_template":"","footnotes":""},"class_list":["post-46","page","type-page","status-publish","hentry","entry"],"_links":{"self":[{"href":"https:\/\/dreienbrunnen-honig.de\/wordpress\/wp-json\/wp\/v2\/pages\/46","targetHints":{"allow":["GET"]}}],"collection":[{"href":"https:\/\/dreienbrunnen-honig.de\/wordpress\/wp-json\/wp\/v2\/pages"}],"about":[{"href":"https:\/\/dreienbrunnen-honig.de\/wordpress\/wp-json\/wp\/v2\/types\/page"}],"author":[{"embeddable":true,"href":"https:\/\/dreienbrunnen-honig.de\/wordpress\/wp-json\/wp\/v2\/users\/1"}],"replies":[{"embeddable":true,"href":"https:\/\/dreienbrunnen-honig.de\/wordpress\/wp-json\/wp\/v2\/comments?post=46"}],"version-history":[{"count":101,"href":"https:\/\/dreienbrunnen-honig.de\/wordpress\/wp-json\/wp\/v2\/pages\/46\/revisions"}],"predecessor-version":[{"id":592,"href":"https:\/\/dreienbrunnen-honig.de\/wordpress\/wp-json\/wp\/v2\/pages\/46\/revisions\/592"}],"wp:attachment":[{"href":"https:\/\/dreienbrunnen-honig.de\/wordpress\/wp-json\/wp\/v2\/media?parent=46"}],"curies":[{"name":"wp","href":"https:\/\/api.w.org\/{rel}","templated":true}]}}