{"id":44,"date":"2024-01-10T18:08:31","date_gmt":"2024-01-10T17:08:31","guid":{"rendered":"https:\/\/dreienbrunnen-honig.de\/wordpress\/?page_id=44"},"modified":"2025-12-04T14:51:09","modified_gmt":"2025-12-04T13:51:09","slug":"ueber-uns","status":"publish","type":"page","link":"https:\/\/dreienbrunnen-honig.de\/wordpress\/ueber-uns\/","title":{"rendered":"\u00dcber uns"},"content":{"rendered":"\t\t<div data-elementor-type=\"wp-page\" data-elementor-id=\"44\" class=\"elementor elementor-44\">\n\t\t\t\t<div class=\"elementor-element elementor-element-5a96b7f e-con-full e-flex e-con e-parent\" data-id=\"5a96b7f\" data-element_type=\"container\" data-e-type=\"container\">\n\t\t<div class=\"elementor-element elementor-element-87bbca3 e-con-full e-flex e-con e-child\" data-id=\"87bbca3\" data-element_type=\"container\" data-e-type=\"container\">\n\t\t\t\t<div class=\"elementor-element elementor-element-be9e9af elementor-widget elementor-widget-image\" data-id=\"be9e9af\" data-element_type=\"widget\" data-e-type=\"widget\" data-widget_type=\"image.default\">\n\t\t\t\t<div class=\"elementor-widget-container\">\n\t\t\t\t\t\t\t\t\t\t\t\t\t\t\t<img fetchpriority=\"high\" decoding=\"async\" width=\"1024\" height=\"768\" src=\"https:\/\/dreienbrunnen-honig.de\/wordpress\/wp-content\/uploads\/2024\/01\/IMG_0214-1024x768.jpg\" class=\"attachment-large size-large wp-image-89\" alt=\"\" srcset=\"https:\/\/dreienbrunnen-honig.de\/wordpress\/wp-content\/uploads\/2024\/01\/IMG_0214-1024x768.jpg 1024w, https:\/\/dreienbrunnen-honig.de\/wordpress\/wp-content\/uploads\/2024\/01\/IMG_0214-300x225.jpg 300w, https:\/\/dreienbrunnen-honig.de\/wordpress\/wp-content\/uploads\/2024\/01\/IMG_0214-768x576.jpg 768w, https:\/\/dreienbrunnen-honig.de\/wordpress\/wp-content\/uploads\/2024\/01\/IMG_0214-1536x1152.jpg 1536w, https:\/\/dreienbrunnen-honig.de\/wordpress\/wp-content\/uploads\/2024\/01\/IMG_0214-2048x1536.jpg 2048w\" sizes=\"(max-width: 1024px) 100vw, 1024px\" \/>\t\t\t\t\t\t\t\t\t\t\t\t\t\t\t<\/div>\n\t\t\t\t<\/div>\n\t\t\t\t<div class=\"elementor-element elementor-element-40052c5 elementor-widget elementor-widget-image\" data-id=\"40052c5\" data-element_type=\"widget\" data-e-type=\"widget\" data-widget_type=\"image.default\">\n\t\t\t\t<div class=\"elementor-widget-container\">\n\t\t\t\t\t\t\t\t\t\t\t\t\t\t\t<img decoding=\"async\" width=\"768\" height=\"876\" src=\"https:\/\/dreienbrunnen-honig.de\/wordpress\/wp-content\/uploads\/2024\/01\/sleuder_k-768x876.jpg\" class=\"attachment-medium_large size-medium_large wp-image-272\" alt=\"\" srcset=\"https:\/\/dreienbrunnen-honig.de\/wordpress\/wp-content\/uploads\/2024\/01\/sleuder_k-768x876.jpg 768w, https:\/\/dreienbrunnen-honig.de\/wordpress\/wp-content\/uploads\/2024\/01\/sleuder_k-263x300.jpg 263w, https:\/\/dreienbrunnen-honig.de\/wordpress\/wp-content\/uploads\/2024\/01\/sleuder_k-898x1024.jpg 898w, https:\/\/dreienbrunnen-honig.de\/wordpress\/wp-content\/uploads\/2024\/01\/sleuder_k-1347x1536.jpg 1347w, https:\/\/dreienbrunnen-honig.de\/wordpress\/wp-content\/uploads\/2024\/01\/sleuder_k-1796x2048.jpg 1796w\" sizes=\"(max-width: 768px) 100vw, 768px\" \/>\t\t\t\t\t\t\t\t\t\t\t\t\t\t\t<\/div>\n\t\t\t\t<\/div>\n\t\t\t\t<\/div>\n\t\t<div class=\"elementor-element elementor-element-755ebd8 e-con-full e-flex e-con e-child\" data-id=\"755ebd8\" data-element_type=\"container\" data-e-type=\"container\">\n\t\t\t\t<div class=\"elementor-element elementor-element-7fbf4d4 elementor-widget elementor-widget-heading\" data-id=\"7fbf4d4\" data-element_type=\"widget\" data-e-type=\"widget\" data-widget_type=\"heading.default\">\n\t\t\t\t<div class=\"elementor-widget-container\">\n\t\t\t\t\t<h2 class=\"elementor-heading-title elementor-size-default\">Die Bienen &amp; die Imker f\u00fcr den Dreienbrunnen-Honig<\/h2>\t\t\t\t<\/div>\n\t\t\t\t<\/div>\n\t\t\t\t<div class=\"elementor-element elementor-element-1ad8266 elementor-widget elementor-widget-text-editor\" data-id=\"1ad8266\" data-element_type=\"widget\" data-e-type=\"widget\" data-widget_type=\"text-editor.default\">\n\t\t\t\t<div class=\"elementor-widget-container\">\n\t\t\t\t\t\t\t\t\t<p><span style=\"text-decoration: underline;\"><em><strong>Die Bienen <\/strong><\/em><\/span>wohnen in unserem gro\u00dfen Garten direkt am Dreienbrunnen-Feld im S\u00fcden von Erfurt. In ihrem Flugradius finden sie sehr viele interessante Quellen f\u00fcr den Nektar, der unseren Honig so einzigartig macht. Sie fliegen normalerweise etwa drei Kilometer und erreichen ohne Not den gesamten Luisenpark, die Auen der Gera und des Flutgrabens, den Espachpark mit seinen gro\u00dfen alten Linden und nat\u00fcrlich die immer bl\u00fchende EGA. Durch gezielte Auswahl der ges\u00fcndesten, flei\u00dfigsten und sanftesten V\u00f6lker zur Vermehrung erhalten wir (\u00e4hnlich der Basiszucht nach Golz) einen starken und gesunden Bestand.<\/p>\t\t\t\t\t\t\t\t<\/div>\n\t\t\t\t<\/div>\n\t\t\t\t<div class=\"elementor-element elementor-element-ccce31d elementor-widget elementor-widget-text-editor\" data-id=\"ccce31d\" data-element_type=\"widget\" data-e-type=\"widget\" data-widget_type=\"text-editor.default\">\n\t\t\t\t<div class=\"elementor-widget-container\">\n\t\t\t\t\t\t\t\t\t<p><span style=\"text-decoration: underline;\"><em><strong>Die Imker,<\/strong><\/em><\/span> das sind Regine und Peter. Wir k\u00fcmmern uns seit 2018 hier in Erfurt um unsere Bienen. Regine ist von den Bienen angesteckt worden, nachdem Peter von seinen Erlebnissen aus den fr\u00fchen 80er Jahren geschw\u00e4rmt hat. Diese ziemlich grimmigen Bienen, die er damals bei einem sehr netten und erfahrenen Imker (Danke, lieber Bodo) mit betreuen durfte, haben den Anfang gemacht. Jetzt k\u00f6nnten wir beide irgendwie nicht mehr ohne unsere Bienen, auch wenn die Arbeit manchmal hart ist und auch keinen Aufschub duldet. Unbeschreiblich ist das Erlebnis, wenn eine junge K\u00f6nigin schl\u00fcpft, die Bienen nach dem Winter das erste mal wieder ausfliegen oder wenn man einfach nur zusehen kann, wie die flei\u00dfigen Bienen unerm\u00fcdlich mit den tollsten Farben an Pollen zur\u00fcck in den Stock kommen, um damit die n\u00e4chste heranwachsende Generation zu f\u00fcttern.<\/p>\t\t\t\t\t\t\t\t<\/div>\n\t\t\t\t<\/div>\n\t\t<div class=\"elementor-element elementor-element-f0f617b e-con-full e-flex e-con e-child\" data-id=\"f0f617b\" data-element_type=\"container\" data-e-type=\"container\">\n\t\t\t\t<div class=\"elementor-element elementor-element-480964c elementor-widget elementor-widget-image\" data-id=\"480964c\" data-element_type=\"widget\" data-e-type=\"widget\" data-widget_type=\"image.default\">\n\t\t\t\t<div class=\"elementor-widget-container\">\n\t\t\t\t\t\t\t\t\t\t\t\t\t\t\t<img decoding=\"async\" width=\"480\" height=\"600\" src=\"https:\/\/dreienbrunnen-honig.de\/wordpress\/wp-content\/uploads\/2024\/03\/Queen_1-480x600.jpg\" class=\"attachment-ocean-thumb-m size-ocean-thumb-m wp-image-410\" alt=\"\" \/>\t\t\t\t\t\t\t\t\t\t\t\t\t\t\t<\/div>\n\t\t\t\t<\/div>\n\t\t\t\t<div class=\"elementor-element elementor-element-b156c03 elementor-widget elementor-widget-image\" data-id=\"b156c03\" data-element_type=\"widget\" data-e-type=\"widget\" data-widget_type=\"image.default\">\n\t\t\t\t<div class=\"elementor-widget-container\">\n\t\t\t\t\t\t\t\t\t\t\t\t\t\t\t<img loading=\"lazy\" decoding=\"async\" width=\"480\" height=\"600\" src=\"https:\/\/dreienbrunnen-honig.de\/wordpress\/wp-content\/uploads\/2024\/03\/Queen_2-480x600.jpg\" class=\"attachment-ocean-thumb-m size-ocean-thumb-m wp-image-409\" alt=\"\" \/>\t\t\t\t\t\t\t\t\t\t\t\t\t\t\t<\/div>\n\t\t\t\t<\/div>\n\t\t\t\t<\/div>\n\t\t\t\t<\/div>\n\t\t\t\t<\/div>\n\t\t<div class=\"elementor-element elementor-element-ea79e6e e-flex e-con-boxed e-con e-parent\" data-id=\"ea79e6e\" data-element_type=\"container\" data-e-type=\"container\">\n\t\t\t\t\t<div class=\"e-con-inner\">\n\t\t\t\t\t<\/div>\n\t\t\t\t<\/div>\n\t\t<div class=\"elementor-element elementor-element-dde0838 e-flex e-con-boxed e-con e-parent\" data-id=\"dde0838\" data-element_type=\"container\" data-e-type=\"container\">\n\t\t\t\t\t<div class=\"e-con-inner\">\n\t\t<div class=\"elementor-element elementor-element-2100c04 e-flex e-con-boxed e-con e-child\" data-id=\"2100c04\" data-element_type=\"container\" data-e-type=\"container\" data-settings=\"{&quot;background_background&quot;:&quot;classic&quot;}\">\n\t\t\t\t\t<div class=\"e-con-inner\">\n\t\t\t\t<div class=\"elementor-element elementor-element-f75217e elementor-widget elementor-widget-text-editor\" data-id=\"f75217e\" data-element_type=\"widget\" data-e-type=\"widget\" data-widget_type=\"text-editor.default\">\n\t\t\t\t<div class=\"elementor-widget-container\">\n\t\t\t\t\t\t\t\t\t<p><a href=\"https:\/\/www.dreienbrunnen-honig.de\/Disclaimer.html\" target=\"_blank\" rel=\"noopener\">Impressum<\/a><\/p>\t\t\t\t\t\t\t\t<\/div>\n\t\t\t\t<\/div>\n\t\t\t\t<div class=\"elementor-element elementor-element-72d1257 elementor-widget elementor-widget-text-editor\" data-id=\"72d1257\" data-element_type=\"widget\" data-e-type=\"widget\" data-widget_type=\"text-editor.default\">\n\t\t\t\t<div class=\"elementor-widget-container\">\n\t\t\t\t\t\t\t\t\t<p><a href=\"https:\/\/www.dreienbrunnen-honig.de\/Datenschutzerkl.html\" target=\"_blank\" rel=\"noopener\">Datenschutz<\/a><\/p>\t\t\t\t\t\t\t\t<\/div>\n\t\t\t\t<\/div>\n\t\t\t\t<div class=\"elementor-element elementor-element-74f45eb elementor-widget elementor-widget-text-editor\" data-id=\"74f45eb\" data-element_type=\"widget\" data-e-type=\"widget\" data-widget_type=\"text-editor.default\">\n\t\t\t\t<div class=\"elementor-widget-container\">\n\t\t\t\t\t\t\t\t\t<p><a href=\"https:\/\/www.dreienbrunnen-honig.de\/AGB_DBH_01-2023.htm\" target=\"_blank\" rel=\"noopener\">AGB<\/a><\/p>\t\t\t\t\t\t\t\t<\/div>\n\t\t\t\t<\/div>\n\t\t\t\t\t<\/div>\n\t\t\t\t<\/div>\n\t\t\t\t\t<\/div>\n\t\t\t\t<\/div>\n\t\t<div class=\"elementor-element elementor-element-70e9216 e-flex e-con-boxed e-con e-parent\" data-id=\"70e9216\" data-element_type=\"container\" data-e-type=\"container\">\n\t\t\t\t\t<div class=\"e-con-inner\">\n\t\t\t\t\t<\/div>\n\t\t\t\t<\/div>\n\t\t\t\t<\/div>\n\t\t","protected":false},"excerpt":{"rendered":"<p>Die Bienen &amp; die Imker f\u00fcr den Dreienbrunnen-Honig Die Bienen wohnen in unserem gro\u00dfen Garten direkt am Dreienbrunnen-Feld im S\u00fcden von Erfurt. In ihrem Flugradius finden sie sehr viele interessante Quellen f\u00fcr den Nektar, der unseren Honig so einzigartig macht. Sie fliegen normalerweise etwa drei Kilometer und erreichen ohne Not den gesamten Luisenpark, die Auen [&hellip;]<\/p>\n","protected":false},"author":1,"featured_media":0,"parent":0,"menu_order":0,"comment_status":"closed","ping_status":"closed","template":"","meta":{"ocean_post_layout":"full-screen","ocean_both_sidebars_style":"","ocean_both_sidebars_content_width":0,"ocean_both_sidebars_sidebars_width":0,"ocean_sidebar":"","ocean_second_sidebar":"","ocean_disable_margins":"enable","ocean_add_body_class":"","ocean_shortcode_before_top_bar":"","ocean_shortcode_after_top_bar":"","ocean_shortcode_before_header":"","ocean_shortcode_after_header":"","ocean_has_shortcode":"","ocean_shortcode_after_title":"","ocean_shortcode_before_footer_widgets":"","ocean_shortcode_after_footer_widgets":"","ocean_shortcode_before_footer_bottom":"","ocean_shortcode_after_footer_bottom":"","ocean_display_top_bar":"off","ocean_display_header":"default","ocean_header_style":"","ocean_center_header_left_menu":"","ocean_custom_header_template":"","ocean_custom_logo":0,"ocean_custom_retina_logo":0,"ocean_custom_logo_max_width":0,"ocean_custom_logo_tablet_max_width":0,"ocean_custom_logo_mobile_max_width":0,"ocean_custom_logo_max_height":0,"ocean_custom_logo_tablet_max_height":0,"ocean_custom_logo_mobile_max_height":0,"ocean_header_custom_menu":"","ocean_menu_typo_font_family":"","ocean_menu_typo_font_subset":"","ocean_menu_typo_font_size":0,"ocean_menu_typo_font_size_tablet":0,"ocean_menu_typo_font_size_mobile":0,"ocean_menu_typo_font_size_unit":"px","ocean_menu_typo_font_weight":"","ocean_menu_typo_font_weight_tablet":"","ocean_menu_typo_font_weight_mobile":"","ocean_menu_typo_transform":"","ocean_menu_typo_transform_tablet":"","ocean_menu_typo_transform_mobile":"","ocean_menu_typo_line_height":0,"ocean_menu_typo_line_height_tablet":0,"ocean_menu_typo_line_height_mobile":0,"ocean_menu_typo_line_height_unit":"","ocean_menu_typo_spacing":0,"ocean_menu_typo_spacing_tablet":0,"ocean_menu_typo_spacing_mobile":0,"ocean_menu_typo_spacing_unit":"","ocean_menu_link_color":"","ocean_menu_link_color_hover":"","ocean_menu_link_color_active":"","ocean_menu_link_background":"","ocean_menu_link_hover_background":"","ocean_menu_link_active_background":"","ocean_menu_social_links_bg":"","ocean_menu_social_hover_links_bg":"","ocean_menu_social_links_color":"","ocean_menu_social_hover_links_color":"","ocean_disable_title":"on","ocean_disable_heading":"default","ocean_post_title":"","ocean_post_subheading":"","ocean_post_title_style":"","ocean_post_title_background_color":"","ocean_post_title_background":0,"ocean_post_title_bg_image_position":"","ocean_post_title_bg_image_attachment":"","ocean_post_title_bg_image_repeat":"","ocean_post_title_bg_image_size":"","ocean_post_title_height":0,"ocean_post_title_bg_overlay":0.5,"ocean_post_title_bg_overlay_color":"","ocean_disable_breadcrumbs":"default","ocean_breadcrumbs_color":"","ocean_breadcrumbs_separator_color":"","ocean_breadcrumbs_links_color":"","ocean_breadcrumbs_links_hover_color":"","ocean_display_footer_widgets":"off","ocean_display_footer_bottom":"off","ocean_custom_footer_template":"","footnotes":""},"class_list":["post-44","page","type-page","status-publish","hentry","entry"],"_links":{"self":[{"href":"https:\/\/dreienbrunnen-honig.de\/wordpress\/wp-json\/wp\/v2\/pages\/44","targetHints":{"allow":["GET"]}}],"collection":[{"href":"https:\/\/dreienbrunnen-honig.de\/wordpress\/wp-json\/wp\/v2\/pages"}],"about":[{"href":"https:\/\/dreienbrunnen-honig.de\/wordpress\/wp-json\/wp\/v2\/types\/page"}],"author":[{"embeddable":true,"href":"https:\/\/dreienbrunnen-honig.de\/wordpress\/wp-json\/wp\/v2\/users\/1"}],"replies":[{"embeddable":true,"href":"https:\/\/dreienbrunnen-honig.de\/wordpress\/wp-json\/wp\/v2\/comments?post=44"}],"version-history":[{"count":140,"href":"https:\/\/dreienbrunnen-honig.de\/wordpress\/wp-json\/wp\/v2\/pages\/44\/revisions"}],"predecessor-version":[{"id":586,"href":"https:\/\/dreienbrunnen-honig.de\/wordpress\/wp-json\/wp\/v2\/pages\/44\/revisions\/586"}],"wp:attachment":[{"href":"https:\/\/dreienbrunnen-honig.de\/wordpress\/wp-json\/wp\/v2\/media?parent=44"}],"curies":[{"name":"wp","href":"https:\/\/api.w.org\/{rel}","templated":true}]}}